{"id":22,"date":"2013-08-03T14:52:11","date_gmt":"2013-08-03T12:52:11","guid":{"rendered":"http:\/\/www.raymondontour.ch\/blog\/?page_id=22"},"modified":"2013-09-19T11:00:36","modified_gmt":"2013-09-19T09:00:36","slug":"about-me","status":"publish","type":"page","link":"https:\/\/www.raymondontour.ch\/blog\/about-me\/","title":{"rendered":"About Me"},"content":{"rendered":"<p>Einmal eine Weltreise machen &#8211; das war schon immer mein Traum. Aber wann? Gibt es \u00fcberhaupt den idealen Zeitpunkt? Nein, den gibt es nicht. Irgend einmal muss man sich entscheiden, entweder man geht oder l\u00e4sst es sein. Ich habe mich f\u00fcr die erste Variante entschieden, eben auf eine Weltreise zu gehen. Geplant, gebucht, abgereist, so ganz einfach \u00a0ist das&#8230; \u00a0Nun, ganz so einfach ist es dann eben doch nicht. Die Planung hat viel Zeit in Anspruch genommen, gebucht ist im Zeitalter der elektronischen Welt relativ rasch, und abgereist ist man noch schneller. Das Projekt hat auch seinen Preis, so habe ich u.a. meine Arbeitsstelle gek\u00fcndigt, um meinen Traum zu erf\u00fcllen, in einem Jahr um die Welt zu reisen. So ganz nach dem Motto: No risk, no fun! Bedingung f\u00fcr mich war auch, dass ich alle Kontinente der Welt bereise, ausser Europa, aber schliesslich fliege ich ja von und dann wieder zur\u00fcck in die Schweiz.<\/p>\n<p>Gerne teile ich meine Eindr\u00fccke und Erlebnisse mit meiner Familie, meinen Freunden und Bekannten, weshalb ich diesen Blog f\u00fchre. F\u00fcr jedes Land gibt es einen Eintrag mit allgemeinen Informationen, die einem Auskunft geben, in welchem Zeitraum ich wo bin und wie die geplante Reiseroute im entsprechenden Land aussieht. Den eigentlichen, resp. den aktuellen Reiseblog f\u00fchre ich dann in einem separaten Beitrag, der jeweils zuoberst auf der Hauptseite des Blogs steht. Im Abstand von 7 &#8211; 10 Tagen versuche ich, den Blog wieder \u00e0-jour zu bringen, halt je nach Situation und Internetzugriff.<\/p>\n<p>Falls ihr mir etwas mitteilen m\u00f6chtet, dann k\u00f6nnt ihr dies gerne \u00fcber das Kontaktformular im Raster &#8222;Kontakt&#8220; machen. Ich freue mich \u00fcber jede Nachricht.<\/p>\n<p>Allen w\u00fcnsche ich alles Liebe und Gute und bis sp\u00e4testens in einem Jahr!<\/p>\n<p>Raymond \/ R\u00e9mi \/ Remo<\/p>\n<p>&nbsp;<\/p>\n","protected":false},"excerpt":{"rendered":"<p>Einmal eine Weltreise machen &#8211; das war schon immer mein Traum. Aber wann? Gibt es \u00fcberhaupt den idealen Zeitpunkt? Nein, den gibt es nicht. Irgend einmal muss man sich entscheiden, entweder man geht oder l\u00e4sst es sein. Ich habe mich &hellip; <a href=\"https:\/\/www.raymondontour.ch\/blog\/about-me\/\">Weiterlesen <span class=\"meta-nav\">&rarr;<\/span><\/a><\/p>\n","protected":false},"author":1,"featured_media":0,"parent":0,"menu_order":0,"comment_status":"closed","ping_status":"closed","template":"","meta":{"footnotes":""},"class_list":["post-22","page","type-page","status-publish","hentry"],"_links":{"self":[{"href":"https:\/\/www.raymondontour.ch\/blog\/wp-json\/wp\/v2\/pages\/22","targetHints":{"allow":["GET"]}}],"collection":[{"href":"https:\/\/www.raymondontour.ch\/blog\/wp-json\/wp\/v2\/pages"}],"about":[{"href":"https:\/\/www.raymondontour.ch\/blog\/wp-json\/wp\/v2\/types\/page"}],"author":[{"embeddable":true,"href":"https:\/\/www.raymondontour.ch\/blog\/wp-json\/wp\/v2\/users\/1"}],"replies":[{"embeddable":true,"href":"https:\/\/www.raymondontour.ch\/blog\/wp-json\/wp\/v2\/comments?post=22"}],"version-history":[{"count":21,"href":"https:\/\/www.raymondontour.ch\/blog\/wp-json\/wp\/v2\/pages\/22\/revisions"}],"predecessor-version":[{"id":323,"href":"https:\/\/www.raymondontour.ch\/blog\/wp-json\/wp\/v2\/pages\/22\/revisions\/323"}],"wp:attachment":[{"href":"https:\/\/www.raymondontour.ch\/blog\/wp-json\/wp\/v2\/media?parent=22"}],"curies":[{"name":"wp","href":"https:\/\/api.w.org\/{rel}","templated":true}]}}